{"id":736,"date":"2024-09-27T12:20:46","date_gmt":"2024-09-27T11:20:46","guid":{"rendered":"http:\/\/pfp.law\/?page_id=736"},"modified":"2024-10-03T11:20:58","modified_gmt":"2024-10-03T10:20:58","slug":"piskotki","status":"publish","type":"page","link":"https:\/\/pfp.law\/sl\/piskotki\/","title":{"rendered":"Pi\u0161kotki"},"content":{"rendered":"[vc_row type=&#8221;in_container&#8221; full_screen_row_position=&#8221;middle&#8221; column_margin=&#8221;default&#8221; column_direction=&#8221;default&#8221; column_direction_tablet=&#8221;default&#8221; column_direction_phone=&#8221;default&#8221; scene_position=&#8221;center&#8221; text_color=&#8221;dark&#8221; text_align=&#8221;left&#8221; row_border_radius=&#8221;none&#8221; row_border_radius_applies=&#8221;bg&#8221; overflow=&#8221;visible&#8221; overlay_strength=&#8221;0.3&#8243; gradient_direction=&#8221;left_to_right&#8221; shape_divider_position=&#8221;bottom&#8221; bg_image_animation=&#8221;none&#8221;][vc_column column_padding=&#8221;no-extra-padding&#8221; column_padding_tablet=&#8221;inherit&#8221; column_padding_phone=&#8221;inherit&#8221; column_padding_position=&#8221;all&#8221; column_element_direction_desktop=&#8221;default&#8221; column_element_spacing=&#8221;default&#8221; desktop_text_alignment=&#8221;default&#8221; tablet_text_alignment=&#8221;default&#8221; phone_text_alignment=&#8221;default&#8221; background_color_opacity=&#8221;1&#8243; background_hover_color_opacity=&#8221;1&#8243; column_backdrop_filter=&#8221;none&#8221; column_shadow=&#8221;none&#8221; column_border_radius=&#8221;none&#8221; column_link_target=&#8221;_self&#8221; column_position=&#8221;default&#8221; gradient_direction=&#8221;left_to_right&#8221; overlay_strength=&#8221;0.3&#8243; width=&#8221;1\/1&#8243; tablet_width_inherit=&#8221;default&#8221; animation_type=&#8221;default&#8221; bg_image_animation=&#8221;none&#8221; border_type=&#8221;simple&#8221; column_border_width=&#8221;none&#8221; column_border_style=&#8221;solid&#8221;][vc_column_text css=&#8221;&#8221; text_direction=&#8221;default&#8221;]\n<h2>Kaj so pi\u0161kotki?<\/h2>\n<p>Pi\u0161kotki so male besedilne datoteke, v katere se zapi\u0161ejo podatki o obisku spletne strani.<\/p>\n<p>Interakcija med spletnim uporabnikom in spletno stranjo je s pomo\u010djo pi\u0161kotkov hitrej\u0161a in enostavnej\u0161a. Z njihovo pomo\u010djo si spletna stran zapomni posameznikove preference in izku\u0161nje, s tem je prihranjen \u010das, brskanje po spletnih straneh pa je bolj u\u010dinkovito in prijetno.<\/p>\n<p>Razlogov za uporabo pi\u0161kotkov je ve\u010d, prvi je gotovo njihova lastnost shranjevanja podatkov o stanju posamezne spletne strani (izbira jezika, \u0161tevilo prikazanih rezultatov, velikost pisave itn.), pi\u0161kotki pa prav tako pomagajo pri izvajanju spletnih storitev (prijava na e-novice, ogled videa, ogled zemljevida itn.) in pri zbiranju podatkov o navadah spletnih uporabnikov (\u0161tevilo obiskov, uporabnikom zanimiva vsebina itn.). Z njihovo pomo\u010djo lahko izbolj\u0161amo va\u0161o uporabni\u0161ko izku\u0161njo in ocenimo u\u010dinkovitost zasnove spletne strani.<\/p>\n<p>Nobeni pi\u0161kotki, ki jih uporabljamo na svojih spletnih straneh, ne zbirajo podatkov, s katerimi bi vas bilo mogo\u010de osebno prepoznati.<\/p>\n<p>Ker \u017eelimo biti z vami popolnoma odkriti, smo pripravili seznam vseh pi\u0161kotkov, ki jih uporabljamo, in zakaj. Upo\u0161tevajte, da se z nadaljnjo uporabo te spletne strani strinjate z na\u0161o rabo opisanih pi\u0161kotkov.<\/p>\n<h2>Katere pi\u0161kotke uporablja ta spletna stran?<\/h2>\n<h3>Funkcionalni pi\u0161kotki<\/h3>\n<p>Funkcionalni pi\u0161kotki pomagajo izvajati dolo\u010dene funkcionalnosti, v primeru na\u0161e spletne strani omogo\u010dajo ve\u010djezi\u010dnost in pravilen prikaz vsebine v razli\u010dnih jezikih.<\/p>\n<table class=\"table\" border=\"0\" width=\"100%\" cellspacing=\"0\" cellpadding=\"0\">\n<tbody>\n<tr>\n<td class=\"table-cell table-cellFirstRow table-cellFirstColumn table-cellHeader\" valign=\"top\">Ime pi\u0161kotka<\/td>\n<td class=\"table-cell table-cellFirstRow table-cellHeader\" valign=\"top\">Namen<\/td>\n<td class=\"table-cell table-cellFirstRow table-cellLastColumn table-cellHeader\" colspan=\"2\" valign=\"top\">Trajanje<\/td>\n<\/tr>\n<tr>\n<td class=\"table-cell table-cellFirstColumn table-cellLastRow\" valign=\"top\">wp-wpml_current_language<\/td>\n<td class=\"table-cell table-cellLastRow\" valign=\"top\">WordPress ve\u010djezi\u010dni vti\u010dnik nastavi ta pi\u0161kotek za shranjevanje trenutnih jezikovnih nastavitev.<\/td>\n<td class=\"table-cell table-cellLastRow table-cellLastColumn\" colspan=\"2\" valign=\"top\">Do konca va\u0161e seje<\/td>\n<\/tr>\n<\/tbody>\n<\/table>\n<h3>Analiti\u010dni pi\u0161kotki<\/h3>\n<p>Analiti\u010dni pi\u0161kotki se uporabljajo za razumevanje interakcije obiskovalcev s spletno stranjo. Ti pi\u0161kotki pomagajo zagotoviti informacije o meritvi \u0161tevilo obiskovalcev, hitrost odskoka, prometni vir itd.<\/p>\n<table class=\"table\" border=\"0\" width=\"100%\" cellspacing=\"0\" cellpadding=\"0\">\n<tbody>\n<tr>\n<td class=\"table-cell table-cellFirstRow table-cellFirstColumn table-cellHeader\" valign=\"top\">Ime pi\u0161kotka<\/td>\n<td class=\"table-cell table-cellFirstRow table-cellHeader\" valign=\"top\">Namen<\/td>\n<td class=\"table-cell table-cellFirstRow table-cellLastColumn table-cellHeader\" colspan=\"2\" valign=\"top\">Trajanje<\/td>\n<\/tr>\n<tr>\n<td class=\"table-cell table-cellFirstColumn\" valign=\"top\">_ga_*<\/td>\n<td class=\"table-cell\" valign=\"top\">Google Analytics uporablja ta pi\u0161kotek za shranjevanje in \u0161tetje ogledov strani.<\/td>\n<td class=\"table-cell table-cellLastColumn\" colspan=\"2\" valign=\"top\">1 leto 1 mesec 4 dni<\/td>\n<\/tr>\n<tr>\n<td class=\"table-cell table-cellFirstColumn\" valign=\"top\">_ga<\/td>\n<td class=\"table-cell\" valign=\"top\">Google Analytics ta pi\u0161kotek dolo\u010da tako, da izra\u010duna podatke o obiskovalcu, seji in ogla\u0161evalski akciji ter sledi uporabi mesta za poro\u010dilo analitike spletnega mesta. Pi\u0161kotek anonimno shrani informacije in dodeli naklju\u010dno ustvarjeno \u0161tevilko za prepoznavanje edinstvenih obiskovalcev.<\/td>\n<td class=\"table-cell table-cellLastColumn\" colspan=\"2\" valign=\"top\">1 leto 1 mesec 4 dni<\/td>\n<\/tr>\n<\/tbody>\n<\/table>\n<p>Na svojem spletnem mestu uporabljamo spletno storitev za analizo Google Analytics podjetja Google Inc., 1600 Amphitheatre Parkway, Mountain View, CA 94043, Zdru\u017eene dr\u017eave Amerike (v nadaljevanju \u00bbGoogle\u00ab). Google Analytics je storitev spletnega analiziranja, ki nam nudi informacije o obna\u0161anju uporabnikov na na\u0161i spletni strani in nam s tem pomaga ustvariti bolj\u0161o uporabni\u0161ko izku\u0161njo, prikazati relevantno vsebino itn. Podatki v povezavi z va\u0161o uporabo na\u0161ega spletnega mesta (npr. napotitveni URL, na\u0161e spletne strani, ki ste jih obiskali, va\u0161a vrsta brskalnika, jezikovne nastavitve, va\u0161 operacijski sistem in va\u0161a lo\u010dljivost zaslona), ki jih bo zbralo podjetje Google, bodo preneseni na stre\u017enik podjetja Google v Zdru\u017eenih dr\u017eavah Amerike, kjer bodo ti podatki shranjeni in analizirani. Zadevne podatke v anonimni obliki bodo nato posredovali nam. V tem postopku va\u0161i podatki o uporabi ne bodo povezani z va\u0161im celotnim IP-naslovom.<\/p>\n<p>Na na\u0161em spletnem mestu smo aktivirali funkcijo za zagotavljanje anonimnosti IP-naslova, ki jo ponuja podjetje Google, pri \u010demer funkcija poskrbi za izbris zadnjih 8 bitov (IPv4) IP-naslova ali zadnjih 80 bitov (IPv6) va\u0161ega IP-naslova. Poleg tega je podjetje Google\u00a0<a href=\"https:\/\/www.privacyshield.gov\/participant?id=a2zt000000001L5AAI\" target=\"_blank\" rel=\"noopener\">certificirano skladno z zasebnostnim \u0161\u010ditom EU-ZDA<\/a>, ki zagotavlja ustrezno raven varstva podatkov v zvezi z obdelavo osebnih podatkov s strani podjetja Google v ZDA.<\/p>\n<p>Svoje soglasje za uporabo spletne analize lahko kadar koli umaknete, in sicer tako, da prenesete in namestite ponujen\u00a0<a href=\"https:\/\/tools.google.com\/dlpage\/gaoptout?hl=en-GB\" target=\"_blank\" rel=\"noopener\">Googlov vti\u010dnik za brskalnik<\/a>, pri \u010demer bo name\u0161\u010den zavrnitveni (opt-out) pi\u0161kotek. S tem boste prepre\u010dili izvajanje spletne analize, vendar le v primeru uporabe brskalnika, na katerega ste namestili vti\u010dnik, oziroma dokler ne izbri\u0161ete zavrnitvenega pi\u0161kotka. Ve\u010d informacij o storitvi Google Analytics je na voljo v\u00a0<a href=\"https:\/\/policies.google.com\/terms?gl=US&amp;hl=sl\" target=\"_blank\" rel=\"noopener\">pogojih za uporabo storitve Google Analytics<\/a>, v\u00a0<a href=\"https:\/\/support.google.com\/analytics\/answer\/6004245?hl=sl&amp;ref_topic=2919631\" target=\"_blank\" rel=\"noopener\">na\u010delih za varnost in zasebnost storitve Google<\/a>\u00a0in v\u00a0<a href=\"https:\/\/policies.google.com\/privacy?hl=sl\" target=\"_blank\" rel=\"noopener\">pravilniku o zasebnosti podjetja Google<\/a>.<\/p>\n<h2>Kako lahko upravljate ali bri\u0161ete pi\u0161kotke?<\/h2>\n<p>Pi\u0161kotkov nikakor ne bomo uporabljali za zbiranje va\u0161ih osebno dolo\u010dljivih podatkov, po \u017eelji pa lahko nastavitve o uporabi pi\u0161kotkov spremenite tudi v brskalniku svojega ra\u010dunalnika ali mobilne naprave.<\/p>\n<p>Ve\u010dina modernih brskalnikov omogo\u010da, da sprejmete ali zavrnete vse pi\u0161kotke, sprejmete ali zavrnete le dolo\u010dene vrste pi\u0161kotkov ali pa si nastavite opozorilo, da stran \u017eeli shraniti pi\u0161kotek na va\u0161o napravo. Izbri\u0161ete lahko tudi pi\u0161kotke, ki jih je brskalnik \u017ee shranil na va\u0161i napravi.<\/p>\n<p>Opozarjamo vas, da v primeru izklopa pi\u0161kotkov vse funkcionalnosti spletnih strani morda ne bodo delovale enako u\u010dinkovito, opozorilo o uporabi pi\u0161kotkov se bo prikazalo ob vsakem obisku, dolgoro\u010dno pa bo to negativno vplivalo na va\u0161o uporabni\u0161ko izku\u0161njo.<\/p>\n<p>Postopek spremembe nastavitev pi\u0161kotkov se v vsakem brskalniku razlikuje. Informacijo o tem lahko poi\u0161\u010dete s pomo\u010djo funkcije \u00bbPomo\u010d\u00ab, obi\u0161\u010dete www.aboutcookies.org, ki nazorno razlo\u017ei postopek v vseh modernih brskalnikih, ali pa nas\u00a0<a href=\"mailto:info@pfp-law.si\" target=\"_blank\" rel=\"noopener\">kontaktirate prek e-po\u0161te<\/a>.[\/vc_column_text][\/vc_column][\/vc_row]\n","protected":false},"excerpt":{"rendered":"<p>[vc_row type=&#8221;in_container&#8221; full_screen_row_position=&#8221;middle&#8221; column_margin=&#8221;default&#8221; column_direction=&#8221;default&#8221; column_direction_tablet=&#8221;default&#8221; column_direction_phone=&#8221;default&#8221; scene_position=&#8221;center&#8221; text_color=&#8221;dark&#8221; text_align=&#8221;left&#8221; row_border_radius=&#8221;none&#8221; row_border_radius_applies=&#8221;bg&#8221; overflow=&#8221;visible&#8221; overlay_strength=&#8221;0.3&#8243; gradient_direction=&#8221;left_to_right&#8221; shape_divider_position=&#8221;bottom&#8221; bg_image_animation=&#8221;none&#8221;][vc_column column_padding=&#8221;no-extra-padding&#8221; column_padding_tablet=&#8221;inherit&#8221; column_padding_phone=&#8221;inherit&#8221; column_padding_position=&#8221;all&#8221; column_element_direction_desktop=&#8221;default&#8221; column_element_spacing=&#8221;default&#8221; desktop_text_alignment=&#8221;default&#8221; tablet_text_alignment=&#8221;default&#8221; phone_text_alignment=&#8221;default&#8221; background_color_opacity=&#8221;1&#8243; background_hover_color_opacity=&#8221;1&#8243; column_backdrop_filter=&#8221;none&#8221; column_shadow=&#8221;none&#8221;&#8230;<\/p>\n","protected":false},"author":1,"featured_media":0,"parent":0,"menu_order":0,"comment_status":"closed","ping_status":"closed","template":"","meta":{"footnotes":""},"coauthors":[],"class_list":["post-736","page","type-page","status-publish"],"_links":{"self":[{"href":"https:\/\/pfp.law\/sl\/wp-json\/wp\/v2\/pages\/736","targetHints":{"allow":["GET"]}}],"collection":[{"href":"https:\/\/pfp.law\/sl\/wp-json\/wp\/v2\/pages"}],"about":[{"href":"https:\/\/pfp.law\/sl\/wp-json\/wp\/v2\/types\/page"}],"author":[{"embeddable":true,"href":"https:\/\/pfp.law\/sl\/wp-json\/wp\/v2\/users\/1"}],"replies":[{"embeddable":true,"href":"https:\/\/pfp.law\/sl\/wp-json\/wp\/v2\/comments?post=736"}],"version-history":[{"count":7,"href":"https:\/\/pfp.law\/sl\/wp-json\/wp\/v2\/pages\/736\/revisions"}],"predecessor-version":[{"id":2321,"href":"https:\/\/pfp.law\/sl\/wp-json\/wp\/v2\/pages\/736\/revisions\/2321"}],"wp:attachment":[{"href":"https:\/\/pfp.law\/sl\/wp-json\/wp\/v2\/media?parent=736"}],"wp:term":[{"taxonomy":"author","embeddable":true,"href":"https:\/\/pfp.law\/sl\/wp-json\/wp\/v2\/coauthors?post=736"}],"curies":[{"name":"wp","href":"https:\/\/api.w.org\/{rel}","templated":true}]}}